{"id":515,"date":"2024-03-14T12:14:55","date_gmt":"2024-03-14T17:14:55","guid":{"rendered":"https:\/\/www.degolialaw.com\/civil-rights\/"},"modified":"2025-03-10T10:51:23","modified_gmt":"2025-03-10T15:51:23","slug":"derechos-civiles","status":"publish","type":"page","link":"https:\/\/www.degolialaw.com\/es\/areas-de-practica\/derechos-civiles\/","title":{"rendered":"Derechos Civiles"},"content":{"rendered":"<h2>Abogado de Derechos Civiles y<br \/>\nAbuso Policial<\/h2>\n<div class=\"gen-img\"><img decoding=\"async\" src=\"https:\/\/www.degolialaw.com\/wp-content\/uploads\/2024\/04\/Blank-578-x-861.jpg\" alt=\"gen-civil\" width=\"578\" height=\"861\" \/><\/div>\n<p>Si usted o su ser querido han sido arrestados, registrados, perfilados o da\u00f1ados f\u00edsicamente por parte de la polic\u00eda, es posible que haya sufrido una violaci\u00f3n de sus derechos constitucionales. Estado y La ley federal protege a todas las personas contra los abusos policiales ilegales.<\/p>\n<p>DeGolia Law est\u00e1 al frente de los derechos civiles en Colorado. Adem\u00e1s de su amplia experiencia en los tribunales federales, el abogado Benjamin DeGolia present\u00f3 una de las primeras demandas por uso excesivo bajo la Ley de Mejorar la Integridad Policial de Colorado 2020, y se ha convertido en un experto en la materia en litigios constitucionales del estado de Colorado.<\/p>\n<p>Incluso si se le acusa de un delito, es posible que a\u00fan tenga un reclamo de derechos civiles viable. De hecho, en muchos casos, los oficiales de polic\u00eda acusar\u00e1n a un individuo de un delito para encubrir su conducta inconstitucional. <a href=\"https:\/\/www.degolialaw.com\/es\/contacto\/\">Obtenga una consulta gratuita<\/a> hoy para saber si puede tener un reclamo de derechos civiles viable.<\/p>\n<p>Ejemplos de casos de derechos civiles que maneja DeGolia Law:<\/p>\n<ul>\n<li>Fuerza excesiva \/ brutalidad policial<\/li>\n<li>Muerte por negligencia<\/li>\n<li>Elaboraci\u00f3n de perfiles raciales<\/li>\n<li>Arresto falso<\/li>\n<li>Registro ilegal<\/li>\n<li>Incautaci\u00f3n il\u00edcita<\/li>\n<li>Atenci\u00f3n m\u00e9dica inadecuada<\/li>\n<li>Persecuci\u00f3n maliciosa<\/li>\n<li>Represalias de la Primera Enmienda<\/li>\n<li>Violaci\u00f3n de la igualdad de protecci\u00f3n (discriminaci\u00f3n policial por motivos de raza, sexo, origen nacional, ciudadan\u00eda)<\/li>\n<\/ul>\n<div class=\"gen-btn\"><a href=\"https:\/\/www.degolialaw.com\/es\/contact-us\/\">Obtenga una Consulta Gratuita<\/a><\/div>\n","protected":false},"excerpt":{"rendered":"<p>Abogado de Derechos Civiles y Abuso Policial Si usted o su ser querido han sido arrestados, registrados, perfilados o da\u00f1ados f\u00edsicamente por parte de la polic\u00eda, es posible que haya sufrido una violaci\u00f3n de sus derechos constitucionales. Estado y La ley federal protege a todas las personas contra los abusos policiales ilegales. DeGolia Law est\u00e1 &hellip; <\/p>\n<p class=\"link-more\"><a href=\"https:\/\/www.degolialaw.com\/es\/areas-de-practica\/derechos-civiles\/\" class=\"more-link\">Seguir leyendo<span class=\"screen-reader-text\"> \u00abDerechos Civiles\u00bb<\/span><\/a><\/p>\n","protected":false},"author":16,"featured_media":1157,"parent":599,"menu_order":0,"comment_status":"closed","ping_status":"closed","template":"","meta":{"_acf_changed":false,"_oasis_is_in_workflow":0,"_oasis_original":0,"_oasis_task_priority":"","footnotes":""},"class_list":["post-515","page","type-page","status-publish","has-post-thumbnail","hentry","entry"],"acf":[],"_links":{"self":[{"href":"https:\/\/www.degolialaw.com\/es\/wp-json\/wp\/v2\/pages\/515","targetHints":{"allow":["GET"]}}],"collection":[{"href":"https:\/\/www.degolialaw.com\/es\/wp-json\/wp\/v2\/pages"}],"about":[{"href":"https:\/\/www.degolialaw.com\/es\/wp-json\/wp\/v2\/types\/page"}],"author":[{"embeddable":true,"href":"https:\/\/www.degolialaw.com\/es\/wp-json\/wp\/v2\/users\/16"}],"replies":[{"embeddable":true,"href":"https:\/\/www.degolialaw.com\/es\/wp-json\/wp\/v2\/comments?post=515"}],"version-history":[{"count":9,"href":"https:\/\/www.degolialaw.com\/es\/wp-json\/wp\/v2\/pages\/515\/revisions"}],"predecessor-version":[{"id":1341,"href":"https:\/\/www.degolialaw.com\/es\/wp-json\/wp\/v2\/pages\/515\/revisions\/1341"}],"up":[{"embeddable":true,"href":"https:\/\/www.degolialaw.com\/es\/wp-json\/wp\/v2\/pages\/599"}],"wp:featuredmedia":[{"embeddable":true,"href":"https:\/\/www.degolialaw.com\/es\/wp-json\/wp\/v2\/media\/1157"}],"wp:attachment":[{"href":"https:\/\/www.degolialaw.com\/es\/wp-json\/wp\/v2\/media?parent=515"}],"curies":[{"name":"wp","href":"https:\/\/api.w.org\/{rel}","templated":true}]}}