{"id":520,"date":"2024-03-19T12:52:55","date_gmt":"2024-03-19T12:52:55","guid":{"rendered":"https:\/\/www.degolialaw.com\/?page_id=520"},"modified":"2025-03-10T10:50:57","modified_gmt":"2025-03-10T15:50:57","slug":"acoso-y-agresion-sexual","status":"publish","type":"page","link":"https:\/\/www.degolialaw.com\/es\/areas-de-practica\/acoso-y-agresion-sexual\/","title":{"rendered":"Acoso y Agresi\u00f3n Sexual"},"content":{"rendered":"<h2>Abogado de Acoso y<br \/>\nAgresi\u00f3n Sexual<\/h2>\n<div class=\"gen-img\"><img decoding=\"async\" src=\"https:\/\/www.degolialaw.com\/wp-content\/uploads\/2025\/02\/sexual-harassment-img.jpg\" alt=\"gen-civil\" width=\"578\" height=\"861\" \/><\/div>\n<p>Navegar por el sistema legal despu\u00e9s de sobrevivir al acoso o agresi\u00f3n sexual puede ser intimidante, pero tener un defensor poderoso y compasivo a tu lado puede ayudarte a proteger tus derechos y obtener justicia.<\/p>\n<p>El abogado Benjamin DeGolia ha estado trabajando con sobrevivientes de abuso infantil, acoso sexual y violencia sexual durante m\u00e1s de quince a\u00f1os, y considera que esta es el \u00e1rea m\u00e1s importante de su pr\u00e1ctica legal. Aunque ning\u00fan abogado puede garantizar un resultado exitoso en su caso, <a href=\"https:\/\/www.degolialaw.com\/es\/testimonios\/\">la promesa de<\/a> DeGolia Law es que ser\u00e1 tratado con compasi\u00f3n, dignidad y respeto.<\/p>\n<p>Las sobrevivientes de acoso sexual y violencia sexual a frecuentemente enfrentan problemas legales complejos. DeGolia Law se enorgullece de brindar servicios legales completos y hol\u00edsticos en esta \u00e1rea. Si experiment\u00f3 violencia sexual y elige a DeGolia Law como su representaci\u00f3n legal, DeGolia Law servir\u00e1 como su defensor de v\u00edctimas en cualquier procedimiento penal, adem\u00e1s de presentar cualquier reclamo civil en su nombre. Adem\u00e1s, si usted es indocumentado, DeGolia Law preparar\u00e1 su solicitud de Visa U para ayudarle a obtener un estatus legal y encaminarse hacia la ciudadan\u00eda.<\/p>\n<p><a href=\"https:\/\/www.degolialaw.com\/es\/contacto\/\">Obtenga una consulta gratuita<\/a> para obtener m\u00e1s informaci\u00f3n sobre c\u00f3mo DeGolia Law puede ayudarlo.<\/p>\n<div class=\"gen-btn\"><a href=\"https:\/\/www.degolialaw.com\/es\/contacto\/\">Obtenga una Consulta Gratuita<\/a><\/div>\n","protected":false},"excerpt":{"rendered":"<p>Abogado de Acoso y Agresi\u00f3n Sexual Navegar por el sistema legal despu\u00e9s de sobrevivir al acoso o agresi\u00f3n sexual puede ser intimidante, pero tener un defensor poderoso y compasivo a tu lado puede ayudarte a proteger tus derechos y obtener justicia. El abogado Benjamin DeGolia ha estado trabajando con sobrevivientes de abuso infantil, acoso sexual &hellip; <\/p>\n<p class=\"link-more\"><a href=\"https:\/\/www.degolialaw.com\/es\/areas-de-practica\/acoso-y-agresion-sexual\/\" class=\"more-link\">Seguir leyendo<span class=\"screen-reader-text\"> \u00abAcoso y Agresi\u00f3n Sexual\u00bb<\/span><\/a><\/p>\n","protected":false},"author":16,"featured_media":1024,"parent":599,"menu_order":0,"comment_status":"closed","ping_status":"closed","template":"","meta":{"_acf_changed":false,"_oasis_is_in_workflow":0,"_oasis_original":0,"_oasis_task_priority":"","footnotes":""},"class_list":["post-520","page","type-page","status-publish","has-post-thumbnail","hentry","entry"],"acf":[],"_links":{"self":[{"href":"https:\/\/www.degolialaw.com\/es\/wp-json\/wp\/v2\/pages\/520","targetHints":{"allow":["GET"]}}],"collection":[{"href":"https:\/\/www.degolialaw.com\/es\/wp-json\/wp\/v2\/pages"}],"about":[{"href":"https:\/\/www.degolialaw.com\/es\/wp-json\/wp\/v2\/types\/page"}],"author":[{"embeddable":true,"href":"https:\/\/www.degolialaw.com\/es\/wp-json\/wp\/v2\/users\/16"}],"replies":[{"embeddable":true,"href":"https:\/\/www.degolialaw.com\/es\/wp-json\/wp\/v2\/comments?post=520"}],"version-history":[{"count":12,"href":"https:\/\/www.degolialaw.com\/es\/wp-json\/wp\/v2\/pages\/520\/revisions"}],"predecessor-version":[{"id":1340,"href":"https:\/\/www.degolialaw.com\/es\/wp-json\/wp\/v2\/pages\/520\/revisions\/1340"}],"up":[{"embeddable":true,"href":"https:\/\/www.degolialaw.com\/es\/wp-json\/wp\/v2\/pages\/599"}],"wp:featuredmedia":[{"embeddable":true,"href":"https:\/\/www.degolialaw.com\/es\/wp-json\/wp\/v2\/media\/1024"}],"wp:attachment":[{"href":"https:\/\/www.degolialaw.com\/es\/wp-json\/wp\/v2\/media?parent=520"}],"curies":[{"name":"wp","href":"https:\/\/api.w.org\/{rel}","templated":true}]}}