{"id":547,"date":"2024-03-19T13:18:01","date_gmt":"2024-03-19T18:18:01","guid":{"rendered":"https:\/\/www.degolialaw.com\/disclaimer-2\/"},"modified":"2024-04-24T14:35:31","modified_gmt":"2024-04-24T19:35:31","slug":"aviso","status":"publish","type":"page","link":"https:\/\/www.degolialaw.com\/es\/aviso\/","title":{"rendered":"Aviso Legal"},"content":{"rendered":"<p>La informaci\u00f3n presentada en este sitio web no constituye consejos legales ni un contrato para servicios jur\u00eddicos. La material ubicada en este sitio es provista solamente para fines informativos, es de tipo general, y no deber\u00eda de ser confiada como si fuera una opini\u00f3n legal.<\/p>\n<p>Este sitio web se puede considerar como publicidad de abogado. DeGolia Law LLC no desea representarle a nadie a trav\u00e9s de este sitio web en estados en que este sitio web podr\u00eda faltar de cumplir con todas las reglas \u00e9ticas de responsabilidad profesional o de leyes estatales. Cualquier informaci\u00f3n sobre resultados pasados no reflejan una garantiza de resultados futuros, tal como cada caso presenta hechos y circunstancias legales \u00fanicos, y resultados variar\u00e1n de un caso a otro.<\/p>\n<p>Aunque DeGolia Law LLC se esfuerza por mantener la confidencialidad de toda informaci\u00f3n compartida por clientes potenciales, por favor note que comunicaciones con este bufete no disfrutan de las protecciones de privilegio y confidencialidad entre cliente y abogado sin que usted se convierta en un\/a cliente del bufete a trav\u00e9s de un acuerdo de tarifa firmado y ejecutado.<\/p>\n","protected":false},"excerpt":{"rendered":"<p>La informaci\u00f3n presentada en este sitio web no constituye consejos legales ni un contrato para servicios jur\u00eddicos. La material ubicada en este sitio es provista solamente para fines informativos, es de tipo general, y no deber\u00eda de ser confiada como si fuera una opini\u00f3n legal. Este sitio web se puede considerar como publicidad de abogado. &hellip; <\/p>\n<p class=\"link-more\"><a href=\"https:\/\/www.degolialaw.com\/es\/aviso\/\" class=\"more-link\">Seguir leyendo<span class=\"screen-reader-text\"> \u00abAviso Legal\u00bb<\/span><\/a><\/p>\n","protected":false},"author":1,"featured_media":1164,"parent":0,"menu_order":0,"comment_status":"closed","ping_status":"closed","template":"","meta":{"_acf_changed":false,"_oasis_is_in_workflow":0,"_oasis_original":0,"_oasis_task_priority":"","footnotes":""},"class_list":["post-547","page","type-page","status-publish","has-post-thumbnail","hentry","entry"],"acf":[],"_links":{"self":[{"href":"https:\/\/www.degolialaw.com\/es\/wp-json\/wp\/v2\/pages\/547","targetHints":{"allow":["GET"]}}],"collection":[{"href":"https:\/\/www.degolialaw.com\/es\/wp-json\/wp\/v2\/pages"}],"about":[{"href":"https:\/\/www.degolialaw.com\/es\/wp-json\/wp\/v2\/types\/page"}],"author":[{"embeddable":true,"href":"https:\/\/www.degolialaw.com\/es\/wp-json\/wp\/v2\/users\/1"}],"replies":[{"embeddable":true,"href":"https:\/\/www.degolialaw.com\/es\/wp-json\/wp\/v2\/comments?post=547"}],"version-history":[{"count":2,"href":"https:\/\/www.degolialaw.com\/es\/wp-json\/wp\/v2\/pages\/547\/revisions"}],"predecessor-version":[{"id":549,"href":"https:\/\/www.degolialaw.com\/es\/wp-json\/wp\/v2\/pages\/547\/revisions\/549"}],"wp:featuredmedia":[{"embeddable":true,"href":"https:\/\/www.degolialaw.com\/es\/wp-json\/wp\/v2\/media\/1164"}],"wp:attachment":[{"href":"https:\/\/www.degolialaw.com\/es\/wp-json\/wp\/v2\/media?parent=547"}],"curies":[{"name":"wp","href":"https:\/\/api.w.org\/{rel}","templated":true}]}}