{"id":555,"date":"2024-03-19T13:23:39","date_gmt":"2024-03-19T18:23:39","guid":{"rendered":"https:\/\/www.degolialaw.com\/fair-housing\/"},"modified":"2025-03-10T10:53:12","modified_gmt":"2025-03-10T15:53:12","slug":"vivienda","status":"publish","type":"page","link":"https:\/\/www.degolialaw.com\/es\/areas-de-practica\/vivienda\/","title":{"rendered":"Vivienda Justa"},"content":{"rendered":"<h2>Abogado de Vivienda Justa<\/h2>\n<div class=\"gen-img\"><img loading=\"lazy\" decoding=\"async\" src=\"https:\/\/www.degolialaw.com\/wp-content\/uploads\/2024\/04\/Blank-578-x-861-5.jpg\" alt=\"gen-civil\" width=\"578\" height=\"861\" \/><\/div>\n<p>El costo de la vivienda se est\u00e1 disparando y los inquilinos est\u00e1n siendo sometidos cada vez m\u00e1s a pr\u00e1cticas de vivienda injustas y discriminatorias. Las leyes federales y estatales protegen a los inquilinos contra la explotaci\u00f3n y la discriminaci\u00f3n, y si usted ha sido maltratado por un arrendador, es posible que tenga un reclamo legal viable.<\/p>\n<p>Seg\u00fan la Ley Federal de Vivienda Justa y otras leyes estatales y federales, un propietario tiene prohibido negarse a mostrar o alquilar una propiedad o cambiar los t\u00e9rminos o condiciones de un contrato de alquiler debido a su raza, color, origen nacional, sexo, orientaci\u00f3n sexual o discapacidad. En el caso de los inquilinos con discapacidades, los propietarios est\u00e1n obligados a hacer adaptaciones y modificaciones razonables para permitir que los inquilinos disfruten equitativamente de su vivienda.<\/p>\n<p>Estas leyes requieren adem\u00e1s que el propietario tome medidas razonables para remediar el acoso por parte de los coinquilinos o vecinos (en el caso de viviendas multifamiliares). Si cree que ha sido perjudica, <a href=\"https:\/\/www.degolialaw.com\/es\/contacto\/\">obtenga una consulta gratuita<\/a> para obtener m\u00e1s informaci\u00f3n sobre sus posibles reclamos legales.<\/p>\n<div class=\"gen-btn\"><a href=\"https:\/\/www.degolialaw.com\/es\/contact-us\/\">Obtenga una Consulta Gratuita<\/a><\/div>\n","protected":false},"excerpt":{"rendered":"<p>Abogado de Vivienda Justa El costo de la vivienda se est\u00e1 disparando y los inquilinos est\u00e1n siendo sometidos cada vez m\u00e1s a pr\u00e1cticas de vivienda injustas y discriminatorias. Las leyes federales y estatales protegen a los inquilinos contra la explotaci\u00f3n y la discriminaci\u00f3n, y si usted ha sido maltratado por un arrendador, es posible que &hellip; <\/p>\n<p class=\"link-more\"><a href=\"https:\/\/www.degolialaw.com\/es\/areas-de-practica\/vivienda\/\" class=\"more-link\">Seguir leyendo<span class=\"screen-reader-text\"> \u00abVivienda Justa\u00bb<\/span><\/a><\/p>\n","protected":false},"author":1,"featured_media":1150,"parent":599,"menu_order":0,"comment_status":"closed","ping_status":"closed","template":"","meta":{"_acf_changed":false,"_oasis_is_in_workflow":0,"_oasis_original":0,"_oasis_task_priority":"","footnotes":""},"class_list":["post-555","page","type-page","status-publish","has-post-thumbnail","hentry","entry"],"acf":[],"_links":{"self":[{"href":"https:\/\/www.degolialaw.com\/es\/wp-json\/wp\/v2\/pages\/555","targetHints":{"allow":["GET"]}}],"collection":[{"href":"https:\/\/www.degolialaw.com\/es\/wp-json\/wp\/v2\/pages"}],"about":[{"href":"https:\/\/www.degolialaw.com\/es\/wp-json\/wp\/v2\/types\/page"}],"author":[{"embeddable":true,"href":"https:\/\/www.degolialaw.com\/es\/wp-json\/wp\/v2\/users\/1"}],"replies":[{"embeddable":true,"href":"https:\/\/www.degolialaw.com\/es\/wp-json\/wp\/v2\/comments?post=555"}],"version-history":[{"count":6,"href":"https:\/\/www.degolialaw.com\/es\/wp-json\/wp\/v2\/pages\/555\/revisions"}],"predecessor-version":[{"id":1344,"href":"https:\/\/www.degolialaw.com\/es\/wp-json\/wp\/v2\/pages\/555\/revisions\/1344"}],"up":[{"embeddable":true,"href":"https:\/\/www.degolialaw.com\/es\/wp-json\/wp\/v2\/pages\/599"}],"wp:featuredmedia":[{"embeddable":true,"href":"https:\/\/www.degolialaw.com\/es\/wp-json\/wp\/v2\/media\/1150"}],"wp:attachment":[{"href":"https:\/\/www.degolialaw.com\/es\/wp-json\/wp\/v2\/media?parent=555"}],"curies":[{"name":"wp","href":"https:\/\/api.w.org\/{rel}","templated":true}]}}