{"id":562,"date":"2024-03-19T13:34:57","date_gmt":"2024-03-19T18:34:57","guid":{"rendered":"https:\/\/www.degolialaw.com\/education\/"},"modified":"2025-03-10T10:51:39","modified_gmt":"2025-03-10T15:51:39","slug":"educacion","status":"publish","type":"page","link":"https:\/\/www.degolialaw.com\/es\/areas-de-practica\/educacion\/","title":{"rendered":"Ley de Educaci\u00f3n"},"content":{"rendered":"<h2>Abogado Derecho de Educaci\u00f3n<\/h2>\n<div class=\"gen-img\"><img loading=\"lazy\" decoding=\"async\" src=\"https:\/\/www.degolialaw.com\/wp-content\/uploads\/2024\/04\/education.png\" alt=\"gen-civil\" width=\"578\" height=\"861\" \/><\/div>\n<p>Cuando un maestro, entrenador o administrador de la escuela da\u00f1a a un estudiante, el da\u00f1o se agrava por el hecho de que la persona que causa el sufrimiento del estudiante es un cuidador de confianza. Esto es cierto incluso en los casos de abuso por parte de otros estudiantes, donde con demasiada frecuencia los administradores escolares no investigan adecuadamente el abuso y no cuidan al estudiante perjudicado.<\/p>\n<p>Si usted o su hijo han sido perjudicados en un entorno educativo, <a href=\"https:\/\/www.degolialaw.com\/es\/contacto\/\">DeGolia Law est\u00e1 aqu\u00ed para ayudar.<\/a> El abogado Benjamin DeGolia tiene una amplia experiencia litigando asuntos educativos federales y estatales, incluyendo acoso y agresi\u00f3n sexual, violencia f\u00edsica, acoso racial y otras formas de da\u00f1o. Benjamin ha pasado toda su carrera trabajando con sobrevivientes de abuso sexual y de ni\u00f1os, y se toma muy en serio su papel en la prestaci\u00f3n de servicios legales informados sobre el trauma.<\/p>\n<p>Los estudiantes que sufren abusos en un entorno educativo frecuentemente son designados como v\u00edctimas en complicados procedimientos penales. DeGolia Law puede ayudarlo a navegar el proceso penal adem\u00e1s de representarlo en procedimientos civiles. Reg\u00edstrese para una consulta gratuita para obtener m\u00e1s informaci\u00f3n sobre c\u00f3mo DeGolia Law puede apoyarlo.<\/p>\n<p>Ejemplos de casos de derecho educativo que maneja DeGolia Law:<\/p>\n<ul>\n<li>Discriminaci\u00f3n, <a href=\"https:\/\/www.degolialaw.com\/es\/areas-de-practica\/acoso-y-agresion-sexual\/\">acoso y agresi\u00f3n<\/a> por motivos de sexo bajo el T\u00edtulo IX<\/li>\n<li>Abuso sexual infantil bajo la Ley de Responsabilidad por Abuso Sexual Infantil<\/li>\n<li>Discriminaci\u00f3n y acoso por motivos de raza bajo el T\u00edtulo VI<\/li>\n<li>Discriminaci\u00f3n y acoso por discapacidad bajo la ADA<\/li>\n<li>Debido Proceso Sustantivo de la Decimocuarta Enmienda<\/li>\n<li>Registro e incautaci\u00f3n ilegal de la Cuarta Enmienda<\/li>\n<li>Represalias de la Primera Enmienda y libertad de expresi\u00f3n<\/li>\n<li>Reclamos de la ley estatal por violencia f\u00edsica<\/li>\n<\/ul>\n<div class=\"gen-btn\"><a href=\"https:\/\/www.degolialaw.com\/es\/contact-us\/\">Obtenga una Consulta Gratuita<\/a><\/div>\n","protected":false},"excerpt":{"rendered":"<p>Abogado Derecho de Educaci\u00f3n Cuando un maestro, entrenador o administrador de la escuela da\u00f1a a un estudiante, el da\u00f1o se agrava por el hecho de que la persona que causa el sufrimiento del estudiante es un cuidador de confianza. Esto es cierto incluso en los casos de abuso por parte de otros estudiantes, donde con &hellip; <\/p>\n<p class=\"link-more\"><a href=\"https:\/\/www.degolialaw.com\/es\/areas-de-practica\/educacion\/\" class=\"more-link\">Seguir leyendo<span class=\"screen-reader-text\"> \u00abLey de Educaci\u00f3n\u00bb<\/span><\/a><\/p>\n","protected":false},"author":1,"featured_media":1155,"parent":599,"menu_order":0,"comment_status":"closed","ping_status":"closed","template":"","meta":{"_acf_changed":false,"_oasis_is_in_workflow":0,"_oasis_original":0,"_oasis_task_priority":"","footnotes":""},"class_list":["post-562","page","type-page","status-publish","has-post-thumbnail","hentry","entry"],"acf":[],"_links":{"self":[{"href":"https:\/\/www.degolialaw.com\/es\/wp-json\/wp\/v2\/pages\/562","targetHints":{"allow":["GET"]}}],"collection":[{"href":"https:\/\/www.degolialaw.com\/es\/wp-json\/wp\/v2\/pages"}],"about":[{"href":"https:\/\/www.degolialaw.com\/es\/wp-json\/wp\/v2\/types\/page"}],"author":[{"embeddable":true,"href":"https:\/\/www.degolialaw.com\/es\/wp-json\/wp\/v2\/users\/1"}],"replies":[{"embeddable":true,"href":"https:\/\/www.degolialaw.com\/es\/wp-json\/wp\/v2\/comments?post=562"}],"version-history":[{"count":9,"href":"https:\/\/www.degolialaw.com\/es\/wp-json\/wp\/v2\/pages\/562\/revisions"}],"predecessor-version":[{"id":1342,"href":"https:\/\/www.degolialaw.com\/es\/wp-json\/wp\/v2\/pages\/562\/revisions\/1342"}],"up":[{"embeddable":true,"href":"https:\/\/www.degolialaw.com\/es\/wp-json\/wp\/v2\/pages\/599"}],"wp:featuredmedia":[{"embeddable":true,"href":"https:\/\/www.degolialaw.com\/es\/wp-json\/wp\/v2\/media\/1155"}],"wp:attachment":[{"href":"https:\/\/www.degolialaw.com\/es\/wp-json\/wp\/v2\/media?parent=562"}],"curies":[{"name":"wp","href":"https:\/\/api.w.org\/{rel}","templated":true}]}}