{"id":637,"date":"2024-03-25T15:56:14","date_gmt":"2024-03-25T20:56:14","guid":{"rendered":"https:\/\/www.degolialaw.com\/privacy-policy\/"},"modified":"2024-04-24T14:38:34","modified_gmt":"2024-04-24T19:38:34","slug":"politica-de-privacidad","status":"publish","type":"page","link":"https:\/\/www.degolialaw.com\/es\/politica-de-privacidad\/","title":{"rendered":"pol\u00edtica de privacidad"},"content":{"rendered":"<h1>pol\u00edtica de privacidad<\/h1>\n<p>pol\u00edtica de privacidad<br \/>\nEsta Pol\u00edtica de Privacidad describe las pol\u00edticas de este sitio web sobre la recopilaci\u00f3n, uso y divulgaci\u00f3n de su informaci\u00f3n que recopilamos cuando utiliza nuestro sitio web (el \u00abServicio\u00bb). Al acceder o utilizar el Servicio, usted acepta la recopilaci\u00f3n, el uso y la divulgaci\u00f3n de su informaci\u00f3n de acuerdo con esta Pol\u00edtica de Privacidad. Si no acepta lo mismo, no acceda ni utilice el Servicio.<\/p>\n<p>Podemos modificar esta Pol\u00edtica de Privacidad en cualquier momento sin previo aviso y publicaremos la Pol\u00edtica de Privacidad revisada en el Servicio. La Pol\u00edtica revisada entrar\u00e1 en vigencia 180 d\u00edas a partir de la fecha en que se publique en el Servicio y su acceso o uso continuo del Servicio despu\u00e9s de ese tiempo constituir\u00e1 su aceptaci\u00f3n de la Pol\u00edtica de privacidad revisada. Por ello le recomendamos que revise peri\u00f3dicamente esta p\u00e1gina.<\/p>\n<h2>Informaci\u00f3n que recopilamos:<\/h2>\n<p>Podemos recopilar y procesar la siguiente informaci\u00f3n personal sobre usted, que incluye, entre otros:<\/p>\n<ol>\n<li>Nombre<\/li>\n<li>Correo electr\u00f3nico<\/li>\n<li>M\u00f3vil<\/li>\n<li>Perfil de redes sociales<\/li>\n<li>Fecha de nacimiento<\/li>\n<li>DIRECCI\u00d3N<\/li>\n<li>Direcci\u00f3n de trabajo<\/li>\n<li>Informaci\u00f3n de pago<\/li>\n<\/ol>\n<h2>C\u00f3mo recopilamos su informaci\u00f3n:<\/h2>\n<p>Recopilamos\/recibimos informaci\u00f3n sobre usted de la siguiente manera:<\/p>\n<ol>\n<li>Cuando un usuario completa el formulario de registro o env\u00eda informaci\u00f3n personal de otro modo<\/li>\n<li>Interact\u00faa con el sitio web.<\/li>\n<li>Fuentes p\u00fablicas<\/li>\n<\/ol>\n<h2>C\u00f3mo utilizamos su informaci\u00f3n:<\/h2>\n<p>Podemos utilizar la informaci\u00f3n que recopilamos sobre usted para los siguientes fines, que incluyen, entre otros:<\/p>\n<ol>\n<li>Marketing\/ Promotional<\/li>\n<li>Testimonials<\/li>\n<li>Customer feedback collection<\/li>\n<li>Processing payment<\/li>\n<li>Support<\/li>\n<li>Administration info<\/li>\n<li>Targeted advertising<\/li>\n<li>Site protection<\/li>\n<\/ol>\n<p>Si queremos utilizar su informaci\u00f3n para cualquier otro prop\u00f3sito, le pediremos su consentimiento y usaremos su informaci\u00f3n solo al recibir su consentimiento y luego, solo para los fines para los cuales otorgamos el consentimiento, a menos que estemos obligados a hacer lo contrario por ley.<\/p>\n<h2>C\u00f3mo compartimos su informaci\u00f3n:<\/h2>\n<p>No transferiremos su informaci\u00f3n personal a ning\u00fan tercero sin solicitar su consentimiento, excepto en circunstancias limitadas como se describe a continuaci\u00f3n:<\/p>\n<ol>\n<li>Servicio de publicidad<\/li>\n<li>Patrocinadores<\/li>\n<li>agencias de marketing<\/li>\n<li>entidades legales<\/li>\n<li>anal\u00edtica<\/li>\n<li>Servicios de recuperaci\u00f3n de pagos<\/li>\n<li>Recopilaci\u00f3n de datos y proceso.<\/li>\n<\/ol>\n<p>Exigimos a dichos terceros que utilicen la informaci\u00f3n personal que les transferimos solo para el prop\u00f3sito para el cual fue transferida y que no la conserven por m\u00e1s tiempo del necesario para cumplir dicho prop\u00f3sito.<\/p>\n<p>Tambi\u00e9n podemos divulgar su informaci\u00f3n personal para lo siguiente: (1) para cumplir con la ley, regulaci\u00f3n, orden judicial u otro proceso legal aplicable; (2) para hacer cumplir sus acuerdos con nosotros, incluida esta Pol\u00edtica de Privacidad; o (3) para responder a reclamos de que su uso del Servicio viola los derechos de terceros. Si el Servicio o nuestra empresa se fusiona o adquiere con otra empresa, su informaci\u00f3n ser\u00e1 uno de los activos que se transfiera al nuevo propietario.<\/p>\n<h2>Retenci\u00f3n de su informaci\u00f3n:<\/h2>\n<p>Conservaremos su informaci\u00f3n personal con nosotros durante 90 d\u00edas a 2 a\u00f1os despu\u00e9s de que los usuarios cancelen sus cuentas o durante el tiempo que la necesitemos para cumplir con los prop\u00f3sitos para los cuales fue recopilada, como se detalla en esta Pol\u00edtica de Privacidad. Es posible que necesitemos conservar cierta informaci\u00f3n durante per\u00edodos m\u00e1s largos, como mantenimiento de registros\/informes de acuerdo con la ley aplicable o por otras razones leg\u00edtimas como el cumplimiento de derechos legales, prevenci\u00f3n de fraude, etc. Informaci\u00f3n an\u00f3nima residual e informaci\u00f3n agregada, ninguna de las cuales lo identifica. (directa o indirectamente), pueden almacenarse indefinidamente.<\/p>\n<h2>Tus derechos:<\/h2>\n<p>Dependiendo de la ley que se aplique, puede tener derecho a acceder y rectificar o borrar sus datos personales o recibir una copia de sus datos personales, restringir u oponerse al procesamiento activo de sus datos, solicitarnos que compartamos (portemos) sus datos personales. informaci\u00f3n a otra entidad, retirar cualquier consentimiento que nos haya brindado para procesar sus datos, el derecho a presentar una queja ante una autoridad legal y otros derechos que puedan ser relevantes seg\u00fan las leyes aplicables. Para ejercer estos derechos, puede escribirnos rellenando el formulario de contacto de este sitio web. Responderemos a su solicitud de acuerdo con la ley aplicable.<\/p>\n<p>Puede optar por no recibir comunicaciones de marketing directo o la elaboraci\u00f3n de perfiles que realizamos con fines de marketing completando el formulario de contacto de este sitio web con dicha solicitud.<\/p>\n<p>Tenga en cuenta que si no nos permite recopilar o procesar la informaci\u00f3n personal requerida o retirar el consentimiento para procesarla para los fines requeridos, es posible que no pueda acceder ni utilizar los servicios para los cuales se busc\u00f3 su informaci\u00f3n.<\/p>\n<h2>Seguridad:<\/h2>\n<p>La seguridad de su informaci\u00f3n es importante para nosotros y utilizaremos medidas de seguridad razonables para evitar la p\u00e9rdida, el uso indebido o la alteraci\u00f3n no autorizada de su informaci\u00f3n bajo nuestro control. Sin embargo, dados los riesgos inherentes, no podemos garantizar una seguridad absoluta y, en consecuencia, no podemos asegurar ni garantizar la seguridad de la informaci\u00f3n que usted nos transmite y lo hace bajo su propio riesgo.<\/p>\n<h2>Delegado de Quejas\/Protecci\u00f3n de Datos:<\/h2>\n<p>Si tiene alguna consulta o inquietud sobre el procesamiento de su informaci\u00f3n disponible con nosotros, puede enviar un correo electr\u00f3nico a nuestro Oficial de quejas completando el formulario de contacto en el sitio web. Atenderemos sus inquietudes de acuerdo con la ley aplicable.<\/p>\n","protected":false},"excerpt":{"rendered":"<p>pol\u00edtica de privacidad pol\u00edtica de privacidad Esta Pol\u00edtica de Privacidad describe las pol\u00edticas de este sitio web sobre la recopilaci\u00f3n, uso y divulgaci\u00f3n de su informaci\u00f3n que recopilamos cuando utiliza nuestro sitio web (el \u00abServicio\u00bb). Al acceder o utilizar el Servicio, usted acepta la recopilaci\u00f3n, el uso y la divulgaci\u00f3n de su informaci\u00f3n de acuerdo &hellip; <\/p>\n<p class=\"link-more\"><a href=\"https:\/\/www.degolialaw.com\/es\/politica-de-privacidad\/\" class=\"more-link\">Seguir leyendo<span class=\"screen-reader-text\"> \u00abpol\u00edtica de privacidad\u00bb<\/span><\/a><\/p>\n","protected":false},"author":15,"featured_media":710,"parent":0,"menu_order":0,"comment_status":"closed","ping_status":"closed","template":"","meta":{"_acf_changed":false,"_oasis_is_in_workflow":0,"_oasis_original":0,"_oasis_task_priority":"","footnotes":""},"class_list":["post-637","page","type-page","status-publish","has-post-thumbnail","hentry","entry"],"acf":[],"_links":{"self":[{"href":"https:\/\/www.degolialaw.com\/es\/wp-json\/wp\/v2\/pages\/637","targetHints":{"allow":["GET"]}}],"collection":[{"href":"https:\/\/www.degolialaw.com\/es\/wp-json\/wp\/v2\/pages"}],"about":[{"href":"https:\/\/www.degolialaw.com\/es\/wp-json\/wp\/v2\/types\/page"}],"author":[{"embeddable":true,"href":"https:\/\/www.degolialaw.com\/es\/wp-json\/wp\/v2\/users\/15"}],"replies":[{"embeddable":true,"href":"https:\/\/www.degolialaw.com\/es\/wp-json\/wp\/v2\/comments?post=637"}],"version-history":[{"count":2,"href":"https:\/\/www.degolialaw.com\/es\/wp-json\/wp\/v2\/pages\/637\/revisions"}],"predecessor-version":[{"id":639,"href":"https:\/\/www.degolialaw.com\/es\/wp-json\/wp\/v2\/pages\/637\/revisions\/639"}],"wp:featuredmedia":[{"embeddable":true,"href":"https:\/\/www.degolialaw.com\/es\/wp-json\/wp\/v2\/media\/710"}],"wp:attachment":[{"href":"https:\/\/www.degolialaw.com\/es\/wp-json\/wp\/v2\/media?parent=637"}],"curies":[{"name":"wp","href":"https:\/\/api.w.org\/{rel}","templated":true}]}}