{"id":811,"date":"2024-03-15T05:16:05","date_gmt":"2024-03-15T10:16:05","guid":{"rendered":"https:\/\/www.degolialaw.com\/degolia-law-team\/"},"modified":"2025-10-23T13:33:01","modified_gmt":"2025-10-23T18:33:01","slug":"equipo-legal-degolia","status":"publish","type":"page","link":"https:\/\/www.degolialaw.com\/es\/equipo-legal-degolia\/","title":{"rendered":"Equipo Legal DeGolia"},"content":{"rendered":"<div class=\"team-section\">\n<div class=\"team-founder\">\n<div class=\"founder-img\"><img decoding=\"async\" src=\"https:\/\/www.degolialaw.com\/wp-content\/uploads\/2024\/03\/team-benjamin-img.png\" alt=\"team-benjamin\" width=\"476\" height=\"646\" \/><\/div>\n<div class=\"team-main\">\n<h2>Benjamin DeGolia<\/h2>\n<h4>Abogado y Fundador<\/h4>\n<p>El abogado Benjamin DeGolia fund\u00f3 DeGolia Law P.C. con la firme convicci\u00f3n de que las personas perjudicadas por sistemas corporativos y gubernamentales poderosos merecen un abogado que las trate con compasi\u00f3n, dignidad y respeto. Esta visi\u00f3n central impulsa cada aspecto del enfoque de DeGolia Law hacia los servicios legales. Como abogado graduado de la Facultad de Derecho de Stanford, Benjamin lucha incansablemente por cada cliente.<\/p>\n<div class=\"team-contact\">\n<div class=\"team-mail\"><a class=\"team-call fcall\" href=\"tel:3032100211\">(303) 210-0211<\/a><br \/>\n<a class=\"team-call fmail\" href=\"mailto:info@degolialaw.com\">info@degolialaw.com<\/a><\/div>\n<div class=\"team-social\"><a class=\"fb\" href=\"https:\/\/www.facebook.com\/profile.php?id=100085525388535\" target=\"_blank\" rel=\"noopener\">Facebook<\/a><br \/>\n<a class=\"tw\" href=\"https:\/\/twitter.com\/DeGoliaLawPC\" target=\"_blank\" rel=\"noopener\">Twitter<\/a><br \/>\n<a class=\"in\" href=\"https:\/\/www.linkedin.com\/in\/benjamin-degolia-69b310109\" target=\"_blank\" rel=\"noopener\">linkedin<\/a><\/div>\n<\/div>\n<div class=\"team-learn-btn\"><a href=\"https:\/\/www.degolialaw.com\/es\/equipo-legal-degolia\/benjamin-de-golia\/\">Aprenda M\u00e1s<\/a><\/div>\n<\/div>\n<\/div>\n<div class=\"team-section\">\n<div class=\"team-founder\">\n<div class=\"founder-img\"><img decoding=\"async\" src=\"https:\/\/www.degolialaw.com\/wp-content\/uploads\/2025\/10\/melissa.png\" alt=\"Blank\" width=\"476\" height=\"646\" \/><\/div>\n<div class=\"team-main\">\n<h2>Melissa Huerta<\/h2>\n<h4>Paralegal<\/h4>\n<p>Melissa Huerta es una asistente legal biling\u00fce y hablante nativa de espa\u00f1ol, dedicada a hacer que el sistema legal sea comprensible y accesible para quienes no est\u00e1n familiarizados con su complejidad. Nacida en un hogar de inmigrantes, Melissa aporta una comprensi\u00f3n profunda y personal de los desaf\u00edos que enfrentan las personas indocumentadas.<\/p>\n<div class=\"team-contact\">\n<div class=\"team-mail\"><a class=\"team-call fcall\" href=\"tel:3032100211\">(303) 210-0211<\/a><br \/>\n<a class=\"team-call fmail\" href=\"mailto:info@degolialaw.com\">info@degolialaw.com<\/a><\/div>\n<div class=\"team-social\"><a class=\"fb\" href=\"https:\/\/www.facebook.com\/profile.php?id=100085525388535\" target=\"_blank\" rel=\"noopener\">Facebook<\/a><br \/>\n<a class=\"tw\" href=\"https:\/\/twitter.com\/DeGoliaLawPC\" target=\"_blank\" rel=\"noopener\">Twitter<\/a><br \/>\n<a class=\"in\" href=\"https:\/\/www.linkedin.com\/in\/benjamin-degolia-69b310109\" target=\"_blank\" rel=\"noopener\">linkedin<\/a><\/div>\n<\/div>\n<div class=\"team-learn-btn\"><a href=\"https:\/\/www.degolialaw.com\/es\/equipo-legal-degolia\/melissa-huerta\/\">Aprenda M\u00e1s<\/a><\/div>\n<\/div>\n<\/div>\n<\/div>\n<\/div>\n","protected":false},"excerpt":{"rendered":"<p>Benjamin DeGolia Abogado y Fundador El abogado Benjamin DeGolia fund\u00f3 DeGolia Law P.C. con la firme convicci\u00f3n de que las personas perjudicadas por sistemas corporativos y gubernamentales poderosos merecen un abogado que las trate con compasi\u00f3n, dignidad y respeto. Esta visi\u00f3n central impulsa cada aspecto del enfoque de DeGolia Law hacia los servicios legales. Como &hellip; <\/p>\n<p class=\"link-more\"><a href=\"https:\/\/www.degolialaw.com\/es\/equipo-legal-degolia\/\" class=\"more-link\">Seguir leyendo<span class=\"screen-reader-text\"> \u00abEquipo Legal DeGolia\u00bb<\/span><\/a><\/p>\n","protected":false},"author":16,"featured_media":1166,"parent":0,"menu_order":0,"comment_status":"closed","ping_status":"closed","template":"template-parts\/profile-page.php","meta":{"_acf_changed":false,"_oasis_is_in_workflow":0,"_oasis_original":0,"_oasis_task_priority":"","footnotes":""},"class_list":["post-811","page","type-page","status-publish","has-post-thumbnail","hentry","entry"],"acf":[],"_links":{"self":[{"href":"https:\/\/www.degolialaw.com\/es\/wp-json\/wp\/v2\/pages\/811","targetHints":{"allow":["GET"]}}],"collection":[{"href":"https:\/\/www.degolialaw.com\/es\/wp-json\/wp\/v2\/pages"}],"about":[{"href":"https:\/\/www.degolialaw.com\/es\/wp-json\/wp\/v2\/types\/page"}],"author":[{"embeddable":true,"href":"https:\/\/www.degolialaw.com\/es\/wp-json\/wp\/v2\/users\/16"}],"replies":[{"embeddable":true,"href":"https:\/\/www.degolialaw.com\/es\/wp-json\/wp\/v2\/comments?post=811"}],"version-history":[{"count":21,"href":"https:\/\/www.degolialaw.com\/es\/wp-json\/wp\/v2\/pages\/811\/revisions"}],"predecessor-version":[{"id":1512,"href":"https:\/\/www.degolialaw.com\/es\/wp-json\/wp\/v2\/pages\/811\/revisions\/1512"}],"wp:featuredmedia":[{"embeddable":true,"href":"https:\/\/www.degolialaw.com\/es\/wp-json\/wp\/v2\/media\/1166"}],"wp:attachment":[{"href":"https:\/\/www.degolialaw.com\/es\/wp-json\/wp\/v2\/media?parent=811"}],"curies":[{"name":"wp","href":"https:\/\/api.w.org\/{rel}","templated":true}]}}