{"id":837,"date":"2024-03-19T10:52:44","date_gmt":"2024-03-19T15:52:44","guid":{"rendered":"https:\/\/www.degolialaw.com\/accessibility\/"},"modified":"2025-03-10T10:50:41","modified_gmt":"2025-03-10T15:50:41","slug":"accesibilidad","status":"publish","type":"page","link":"https:\/\/www.degolialaw.com\/es\/accesibilidad\/","title":{"rendered":"Notificaciones de accesibilidad"},"content":{"rendered":"<h2>Modificaciones de accesibilidad de la ADA<\/h2>\n<p>Estamos mejorando continuamente nuestros servicios en l\u00ednea para satisfacer mejor las necesidades de todas las personas. Para nosotros es importante proporcionar un entorno sin barreras en nuestro sitio web que sea accesible para todos los usuarios. Con este fin, hemos actualizado y probado este sitio web y sus elementos para que cumplan con las Pautas de accesibilidad al contenido web (WCAG) 2.0 aceptadas y publicadas por el Consorcio World Wide Web (W3C).<\/p>\n<p>Este sitio web ha sido dise\u00f1ado para ser visible y navegable mediante navegadores de texto no gr\u00e1ficos. La codificaci\u00f3n implementada en el sitio y sus elementos cumplen con los est\u00e1ndares W3C para CSS y HTML. Todos los navegadores web actuales deben ser capaces de mostrar el sitio correctamente y nuestros desarrolladores se esfuerzan por utilizar c\u00f3digo que tambi\u00e9n admita los requisitos futuros del navegador a medida que la web contin\u00faa evolucionando.<\/p>\n<p>En determinadas situaciones, generalmente debido a cambios en la tecnolog\u00eda, cambios en los est\u00e1ndares, limitaciones pr\u00e1cticas o c\u00f3digos de terceros, es posible que la accesibilidad, usabilidad y compatibilidad completas no est\u00e9n disponibles de inmediato. Para abordar estas situaciones potenciales y brindar una mejor experiencia de usuario, este sitio web se audita peri\u00f3dicamente para detectar problemas de compatibilidad y cumplimiento de los est\u00e1ndares y pautas actuales.<\/p>\n<p>Cuando se informan problemas y siguen pendientes, se documentar\u00e1n en un registro de cambios para que los visitantes los revisen. Este registro de cambios incluir\u00e1 una breve descripci\u00f3n del problema, la fecha en que se inform\u00f3 y un plazo previsto de resoluci\u00f3n. Las deficiencias menores que no afecten la navegaci\u00f3n o el uso del sitio pero que no puedan resolverse de inmediato se incluir\u00e1n como cortes\u00eda para los usuarios. Los problemas que se hayan resuelto se eliminar\u00e1n del registro de cambios.<\/p>\n<p>Si descubre un problema de usabilidad en este sitio web, utilice el siguiente formulario para informarlo. Investigaremos el problema, exploraremos soluciones y, si es necesario, lo agregaremos al registro de cambios. Tambi\u00e9n puede informar problemas enviando un correo electr\u00f3nico a <a href=\"mailto:sitefeedback@nuvew.com\">sitefeedback@nuvew.com<\/a>. Limite su correo electr\u00f3nico a cuestiones relacionadas con la usabilidad del sitio web.<\/p>\n<p>REGISTRO DE CAMBIOS ACTUAL:<br \/>\nNo hay problemas pendientes a partir del 10\/2019<\/p>\n","protected":false},"excerpt":{"rendered":"<p>Modificaciones de accesibilidad de la ADA Estamos mejorando continuamente nuestros servicios en l\u00ednea para satisfacer mejor las necesidades de todas las personas. Para nosotros es importante proporcionar un entorno sin barreras en nuestro sitio web que sea accesible para todos los usuarios. Con este fin, hemos actualizado y probado este sitio web y sus elementos &hellip; <\/p>\n<p class=\"link-more\"><a href=\"https:\/\/www.degolialaw.com\/es\/accesibilidad\/\" class=\"more-link\">Seguir leyendo<span class=\"screen-reader-text\"> \u00abNotificaciones de accesibilidad\u00bb<\/span><\/a><\/p>\n","protected":false},"author":16,"featured_media":661,"parent":0,"menu_order":0,"comment_status":"closed","ping_status":"closed","template":"","meta":{"_acf_changed":false,"_oasis_is_in_workflow":0,"_oasis_original":0,"_oasis_task_priority":"","footnotes":""},"class_list":["post-837","page","type-page","status-publish","has-post-thumbnail","hentry","entry"],"acf":[],"_links":{"self":[{"href":"https:\/\/www.degolialaw.com\/es\/wp-json\/wp\/v2\/pages\/837","targetHints":{"allow":["GET"]}}],"collection":[{"href":"https:\/\/www.degolialaw.com\/es\/wp-json\/wp\/v2\/pages"}],"about":[{"href":"https:\/\/www.degolialaw.com\/es\/wp-json\/wp\/v2\/types\/page"}],"author":[{"embeddable":true,"href":"https:\/\/www.degolialaw.com\/es\/wp-json\/wp\/v2\/users\/16"}],"replies":[{"embeddable":true,"href":"https:\/\/www.degolialaw.com\/es\/wp-json\/wp\/v2\/comments?post=837"}],"version-history":[{"count":4,"href":"https:\/\/www.degolialaw.com\/es\/wp-json\/wp\/v2\/pages\/837\/revisions"}],"predecessor-version":[{"id":1339,"href":"https:\/\/www.degolialaw.com\/es\/wp-json\/wp\/v2\/pages\/837\/revisions\/1339"}],"wp:featuredmedia":[{"embeddable":true,"href":"https:\/\/www.degolialaw.com\/es\/wp-json\/wp\/v2\/media\/661"}],"wp:attachment":[{"href":"https:\/\/www.degolialaw.com\/es\/wp-json\/wp\/v2\/media?parent=837"}],"curies":[{"name":"wp","href":"https:\/\/api.w.org\/{rel}","templated":true}]}}