{"id":842,"date":"2024-03-14T14:08:17","date_gmt":"2024-03-14T19:08:17","guid":{"rendered":"https:\/\/www.degolialaw.com\/equipo-legal-degolia\/benjamin-degolia\/"},"modified":"2026-02-23T15:25:22","modified_gmt":"2026-02-23T21:25:22","slug":"benjamin-de-golia","status":"publish","type":"page","link":"https:\/\/www.degolialaw.com\/es\/equipo-legal-degolia\/benjamin-de-golia\/","title":{"rendered":"Benjamin De Golia"},"content":{"rendered":"<div class=\"sng-team-founder sng-team-profile\">\n<div class=\"sng-team-main\">\n<h1>Benjamin DeGolia<\/h1>\n<h4>Abogado y Fundador<\/h4>\n<p>El abogado Benjamin DeGolia fund\u00f3 DeGolia Law LLC con la firme convicci\u00f3n de que las personas perjudicadas por poderosos sistemas corporativos y gubernamentales merecen un abogado que las trate con compasi\u00f3n, dignidad y respeto. Esa visi\u00f3n central impulsa todos los aspectos del enfoque de DeGolia Law hacia los servicios legales.<\/p>\n<div class=\"sng-team-contact\">\n<div class=\"sng-team-mail\"><a class=\"sng-team-call fcall\" href=\"tel:3032100211\">(303) 210-0211<\/a><br \/>\n<a class=\"sng-team-call fmail\" href=\"mailto:info@degolialaw.com\">info@degolialaw.com<\/a><\/div>\n<div class=\"sng-team-social\"><a class=\"fb\" href=\"https:\/\/www.facebook.com\/profile.php?id=100085525388535\" target=\"_blank\" rel=\"noopener\">Facebook<\/a><br \/>\n<a class=\"tw\" href=\"https:\/\/twitter.com\/DeGoliaLawPC\" target=\"_blank\" rel=\"noopener\">Twitter<\/a><br \/>\n<a class=\"in\" href=\"https:\/\/www.linkedin.com\/in\/benjamin-degolia-69b310109\" target=\"_blank\" rel=\"noopener\">Linkedin<\/a><\/div>\n<\/div>\n<div class=\"sng-team-about-cnt\">\n<p>Benjamin entiende el valor del trabajo duro. Benjamin tom\u00f3 su primer trabajo a la edad de catorce a\u00f1os, gan\u00e1ndose un profundo respeto por sus compa\u00f1eros de trabajo, muchos de los cuales hab\u00edan emigrado recientemente de M\u00e9xico y Am\u00e9rica Central y ten\u00edan dos trabajos para mantener a sus familias. Ese primer trabajo es tambi\u00e9n donde Benjam\u00edn aprendi\u00f3 a hablar espa\u00f1ol (ahora es biling\u00fce, certificado por el Instituto Cervantes).<\/p>\n<p>Benjam\u00edn desarroll\u00f3 una vocaci\u00f3n por el servicio p\u00fablico, y antes de decidirse a estudiar derecho, Benjamin trabaj\u00f3 como asistente legal en organizaciones de inmigraci\u00f3n y derechos humanos, la realizaci\u00f3n de investigaciones sobre pol\u00edticas y la prestaci\u00f3n de servicios legales a los inmigrantes sobrevivientes de violencia sexual y otros abusos.<\/p>\n<p>Benjamin obtuvo su t\u00edtulo de abogado en la Universidad de Stanford, donde fue editor de art\u00edculos para la revista Stanford Law Review y Editor Jefe de la Revista de Stanford Derechos Civiles y Libertades Civiles. Benjamin ha dedicado toda su carrera legal a proteger los derechos de las personas perjudicadas por el gobierno y la Abuso corporativo.<\/p>\n<p><a href=\"https:\/\/profiles.superlawyers.com\/colorado\/denver\/lawyer\/benjamin-degolia\/bfc04a5b-2518-4601-81e9-4aa26871016d.html\" target=\"_blank\" rel=\"noopener\"><img decoding=\"async\" class=\"alignnone size-full wp-image-1617\" src=\"https:\/\/www.degolialaw.com\/wp-content\/uploads\/2026\/02\/download-2.png\" alt=\"En el distintivo rojo y blanco se puede leer &quot;Rated by Super Lawyers, Rising Stars, Benjamin DeGolia, SuperLawyers.com&quot;.\" width=\"180\" height=\"150\" \/><\/a><\/p>\n<div class=\"sng-team-learn-btn sng-team-message-btn\"><a href=\"https:\/\/www.degolialaw.com\/es\/contacto\/\"> Escr\u00edbeme un mensaje <\/a><\/div>\n<\/div>\n<\/div>\n<div class=\"sng-team-founder-img \">\n<p><img decoding=\"async\" src=\"https:\/\/www.degolialaw.com\/wp-content\/uploads\/2024\/03\/Profile-Benjamin-img.png\" alt=\"Profile-Benjamin\" width=\"575\" height=\"785\" \/><\/p>\n<div class=\"sng-team-profile-benjamin-signa\"><img decoding=\"async\" src=\"https:\/\/www.degolialaw.com\/wp-content\/uploads\/2024\/03\/Profile-Benjamin_Signature-img.png\" alt=\"Profile-Benjamin\" width=\"496\" height=\"134\" \/><\/div>\n<\/div>\n<\/div>\n","protected":false},"excerpt":{"rendered":"<p>Benjamin DeGolia Abogado y Fundador El abogado Benjamin DeGolia fund\u00f3 DeGolia Law LLC con la firme convicci\u00f3n de que las personas perjudicadas por poderosos sistemas corporativos y gubernamentales merecen un abogado que las trate con compasi\u00f3n, dignidad y respeto. Esa visi\u00f3n central impulsa todos los aspectos del enfoque de DeGolia Law hacia los servicios legales. &hellip; <\/p>\n<p class=\"link-more\"><a href=\"https:\/\/www.degolialaw.com\/es\/equipo-legal-degolia\/benjamin-de-golia\/\" class=\"more-link\">Seguir leyendo<span class=\"screen-reader-text\"> \u00abBenjamin De Golia\u00bb<\/span><\/a><\/p>\n","protected":false},"author":16,"featured_media":0,"parent":811,"menu_order":0,"comment_status":"closed","ping_status":"closed","template":"template-parts\/single-profile-page .php","meta":{"_acf_changed":false,"_oasis_is_in_workflow":0,"_oasis_original":0,"_oasis_task_priority":"","footnotes":""},"class_list":["post-842","page","type-page","status-publish","hentry","entry"],"acf":[],"_links":{"self":[{"href":"https:\/\/www.degolialaw.com\/es\/wp-json\/wp\/v2\/pages\/842","targetHints":{"allow":["GET"]}}],"collection":[{"href":"https:\/\/www.degolialaw.com\/es\/wp-json\/wp\/v2\/pages"}],"about":[{"href":"https:\/\/www.degolialaw.com\/es\/wp-json\/wp\/v2\/types\/page"}],"author":[{"embeddable":true,"href":"https:\/\/www.degolialaw.com\/es\/wp-json\/wp\/v2\/users\/16"}],"replies":[{"embeddable":true,"href":"https:\/\/www.degolialaw.com\/es\/wp-json\/wp\/v2\/comments?post=842"}],"version-history":[{"count":9,"href":"https:\/\/www.degolialaw.com\/es\/wp-json\/wp\/v2\/pages\/842\/revisions"}],"predecessor-version":[{"id":1620,"href":"https:\/\/www.degolialaw.com\/es\/wp-json\/wp\/v2\/pages\/842\/revisions\/1620"}],"up":[{"embeddable":true,"href":"https:\/\/www.degolialaw.com\/es\/wp-json\/wp\/v2\/pages\/811"}],"wp:attachment":[{"href":"https:\/\/www.degolialaw.com\/es\/wp-json\/wp\/v2\/media?parent=842"}],"curies":[{"name":"wp","href":"https:\/\/api.w.org\/{rel}","templated":true}]}}